{"id":1351,"date":"2016-07-14T16:58:51","date_gmt":"2016-07-14T14:58:51","guid":{"rendered":"https:\/\/demjencascade.hu\/en\/cascade-barlang-es-elmenyfurdo\/a-barlang-tortenete\/"},"modified":"2017-04-18T01:56:23","modified_gmt":"2017-04-17T23:56:23","slug":"the-story-of-the-cave","status":"publish","type":"page","link":"https:\/\/demjencascade.hu\/en\/hotel-cascade-resort-and-spa\/nyitolap\/cascade-cave-bath\/the-story-of-the-cave\/","title":{"rendered":"The story of the cave"},"content":{"rendered":"<h2>The treasure of demj\u00e9n: the mystery of the veil-cave<\/h2>\n<p>Long time ago, in a different time, when people were not alone on Earth. Skurring fairies, log-high knights, fire-breathing dragons and dark-minded magicians roamed the dense forests. Once, woods so dense were hiding these hills and valleys that those who didn\u2019t necessarily had to come right here, avoided the territory.<\/p>\n<p>M\u00e1kony, the dark-hearted swamp magician was elaborating his dark plans right here, deep down his cave in the middle of these woods. Plans to subdue the golden kingdom of the neighboring king Abos with his fanged and winged beasts.<\/p>\n<p>Bushes were hiding goblins. Their only but great magical treasure was the Book of Wills, a collection of spells that fulfilled your every wish, even as black as the swamp toad\u2019s tongue.<\/p>\n<p>M\u00e1kony, the magician wanted to put his hands on it at all costs. Fleeing his horde, the goblin king, Calamus tucked the book under his leather jerkin and ran straight to Abos\u2019s castle.<\/p>\n<p>The warm-hearted head of the Golden Empire promised him protection and sent his most valiant knights against M\u00e1kony, led by knight Demj\u00e9n and his giant broadsword. The champion set Calamus behind him on his horse and they departed to defeat the lord of the dark forest. However, the great battle almost ended up with M\u00e1kony\u2019s victory. Eventually, the metallic scaled dragon Flametooth descended upon the dark army.<\/p>\n<p>The fire-breathing creature came to keep his promise given to Demj\u00e9n to return the generosity, after the champion once saved his life. The fanged and winged beasts did not overcome his fire breath \u2013 yet M\u00e1kony managed to flee into a veil cave near the battlefield.<\/p>\n<p>Knight Demj\u00e9n on the back of Flametooth headed after him. M\u00e1kony kept backing away in the cave. He had quite forgotten that he once threw Illang\u00f3, the fleet-footed fairy in there, to make the world\u2019s lights vanish. But Illang\u00f3 carried the light of hope in her heart which suddenly started to shine. M\u00e1kony was hit by both the dragon\u2019s fire and the fairy\u2019s light, which combined, sprayed him to dust.<\/p>\n<p>The knight dismounted the dragon and slammed his broadsword in the ashes. Water erupted from the ashes and slowly rose in the cave.<\/p>\n<p>Calamus, the goblin king threw the Book of Wills in the water so that no creature of the surface could grab it ever again. Illang\u00f3\u2019s sweet charm calmed the water down. Flametooth, using power from the knight\u2019s sword, enchanted the water so that it would keep the secrets.<\/p>\n<p>Memory of the evil magician faded and nobody remembers the great king, the soldiers, the fairies, the dragon and the goblins but the Veil Cave. The secret is well kept by the water, which is now shared with everyone.<\/p>\n<p>&nbsp;<\/p>\n<div id=\"gallery-2381e898\" class=\"gallery gallery-slideshow \">\n<div class=\"gallery-inner\" data-gallery-count=\"3\" data-current=\"0\">\n<div class=\"gallery-inner-block\">\n<div class=\"gallery-item\">\n<div class=\"gallery-icon landscape\">\n<a href=\"https:\/\/demjencascade.hu\/wp-content\/uploads\/2016\/07\/7demjen3-1.jpg\" data-rel=\"lightbox-image-bGlnaHRib3gtZ2FsbGVyeS0yMzgxZTg5OA==\" data-rl_title=\"\" data-rl_caption=\"\" title=\"\">\n<img loading=\"lazy\" decoding=\"async\" class=\"attachment-thumbnail size-thumbnail\" src=\"https:\/\/demjencascade.hu\/wp-content\/uploads\/2016\/07\/7demjen3-1-320x180.jpg\" width=\"320\" height=\"180\" alt=\"Cascade Hotel ****\" \/>\n<\/a>\n<\/div>\n<\/div>\n<div class=\"gallery-item\">\n<div class=\"gallery-icon landscape\">\n<a href=\"https:\/\/demjencascade.hu\/wp-content\/uploads\/2016\/07\/DSC4715-1.jpg\" data-rel=\"lightbox-image-bGlnaHRib3gtZ2FsbGVyeS0yMzgxZTg5OA==\" data-rl_title=\"\" data-rl_caption=\"\" title=\"\">\n<img loading=\"lazy\" decoding=\"async\" class=\"attachment-thumbnail size-thumbnail\" src=\"https:\/\/demjencascade.hu\/wp-content\/uploads\/2016\/07\/DSC4715-1-320x180.jpg\" width=\"320\" height=\"180\" alt=\"Cascade Hotel ****\" \/>\n<\/a>\n<\/div>\n<\/div>\n<div class=\"gallery-item\">\n<div class=\"gallery-icon landscape\">\n<a href=\"https:\/\/demjencascade.hu\/wp-content\/uploads\/2016\/07\/dsc_0612.jpg\" data-rel=\"lightbox-image-bGlnaHRib3gtZ2FsbGVyeS0yMzgxZTg5OA==\" data-rl_title=\"\" data-rl_caption=\"\" title=\"\">\n<img loading=\"lazy\" decoding=\"async\" class=\"attachment-thumbnail size-thumbnail\" src=\"https:\/\/demjencascade.hu\/wp-content\/uploads\/2016\/07\/dsc_0612-320x180.jpg\" width=\"320\" height=\"180\" alt=\"Cascade Hotel ****\" \/>\n<\/a>\n<\/div>\n<\/div>\n<\/div>\n<\/div>\n<\/div>\n<br style=\"clear: both\">\n","protected":false},"excerpt":{"rendered":"<p>The treasure of demj\u00e9n: the mystery of the veil-cave Long time ago, in a different time, when people were not alone on Earth. Skurring fairies, log-high knights, fire-breathing dragons and dark-minded magicians roamed the dense forests. Once, woods so dense were hiding these hills and valleys that those who didn\u2019t necessarily had to come right [&hellip;]<\/p>\n","protected":false},"author":1,"featured_media":1007,"parent":1253,"menu_order":1,"comment_status":"closed","ping_status":"closed","template":"page_barlang.php","meta":{"footnotes":""},"class_list":["post-1351","page","type-page","status-publish","has-post-thumbnail","hentry"],"yoast_head":"<!-- This site is optimized with the Yoast SEO plugin v24.2 - https:\/\/yoast.com\/wordpress\/plugins\/seo\/ -->\n<title>The story of the cave - Demj\u00e9n Cascade ****<\/title>\n<meta name=\"robots\" content=\"index, follow, max-snippet:-1, max-image-preview:large, max-video-preview:-1\" \/>\n<link rel=\"canonical\" href=\"https:\/\/demjencascade.hu\/en\/cascade-cave-bath\/the-story-of-the-cave\/\" \/>\n<meta property=\"og:locale\" content=\"en_US\" \/>\n<meta property=\"og:type\" content=\"article\" \/>\n<meta property=\"og:title\" content=\"The story of the cave - Demj\u00e9n Cascade ****\" \/>\n<meta property=\"og:description\" content=\"The treasure of demj\u00e9n: the mystery of the veil-cave Long time ago, in a different time, when people were not alone on Earth. Skurring fairies, log-high knights, fire-breathing dragons and dark-minded magicians roamed the dense forests. Once, woods so dense were hiding these hills and valleys that those who didn\u2019t necessarily had to come right [&hellip;]\" \/>\n<meta property=\"og:url\" content=\"https:\/\/demjencascade.hu\/en\/cascade-cave-bath\/the-story-of-the-cave\/\" \/>\n<meta property=\"og:site_name\" content=\"Demj\u00e9n Cascade ****\" \/>\n<meta property=\"article:publisher\" content=\"https:\/\/www.facebook.com\/p\/Demjn-Cascade-Resort-Barlangfrd-s-SPA-100080947593048\" \/>\n<meta property=\"article:modified_time\" content=\"2017-04-17T23:56:23+00:00\" \/>\n<meta property=\"og:image\" content=\"https:\/\/demjencascade.hu\/wp-content\/uploads\/2016\/07\/02_07.jpg\" \/>\n\t<meta property=\"og:image:width\" content=\"1920\" \/>\n\t<meta property=\"og:image:height\" content=\"1080\" \/>\n\t<meta property=\"og:image:type\" content=\"image\/jpeg\" \/>\n<meta name=\"twitter:card\" content=\"summary_large_image\" \/>\n<meta name=\"twitter:label1\" content=\"Est. reading time\" \/>\n\t<meta name=\"twitter:data1\" content=\"2 minutes\" \/>\n<script type=\"application\/ld+json\" class=\"yoast-schema-graph\">{\"@context\":\"https:\/\/schema.org\",\"@graph\":[{\"@type\":\"WebPage\",\"@id\":\"https:\/\/demjencascade.hu\/en\/cascade-cave-bath\/the-story-of-the-cave\/\",\"url\":\"https:\/\/demjencascade.hu\/en\/cascade-cave-bath\/the-story-of-the-cave\/\",\"name\":\"The story of the cave - Demj\u00e9n Cascade ****\",\"isPartOf\":{\"@id\":\"https:\/\/demjencascade.hu\/#website\"},\"primaryImageOfPage\":{\"@id\":\"https:\/\/demjencascade.hu\/en\/cascade-cave-bath\/the-story-of-the-cave\/#primaryimage\"},\"image\":{\"@id\":\"https:\/\/demjencascade.hu\/en\/cascade-cave-bath\/the-story-of-the-cave\/#primaryimage\"},\"thumbnailUrl\":\"https:\/\/demjencascade.hu\/wp-content\/uploads\/2016\/07\/02_07.jpg\",\"datePublished\":\"2016-07-14T14:58:51+00:00\",\"dateModified\":\"2017-04-17T23:56:23+00:00\",\"breadcrumb\":{\"@id\":\"https:\/\/demjencascade.hu\/en\/cascade-cave-bath\/the-story-of-the-cave\/#breadcrumb\"},\"inLanguage\":\"en-US\",\"potentialAction\":[{\"@type\":\"ReadAction\",\"target\":[\"https:\/\/demjencascade.hu\/en\/cascade-cave-bath\/the-story-of-the-cave\/\"]}]},{\"@type\":\"ImageObject\",\"inLanguage\":\"en-US\",\"@id\":\"https:\/\/demjencascade.hu\/en\/cascade-cave-bath\/the-story-of-the-cave\/#primaryimage\",\"url\":\"https:\/\/demjencascade.hu\/wp-content\/uploads\/2016\/07\/02_07.jpg\",\"contentUrl\":\"https:\/\/demjencascade.hu\/wp-content\/uploads\/2016\/07\/02_07.jpg\",\"width\":1920,\"height\":1080},{\"@type\":\"BreadcrumbList\",\"@id\":\"https:\/\/demjencascade.hu\/en\/cascade-cave-bath\/the-story-of-the-cave\/#breadcrumb\",\"itemListElement\":[{\"@type\":\"ListItem\",\"position\":1,\"name\":\"Kezd\u0151lap\",\"item\":\"https:\/\/demjencascade.hu\/en\/\"},{\"@type\":\"ListItem\",\"position\":2,\"name\":\"Cave Bath\",\"item\":\"https:\/\/demjencascade.hu\/en\/cascade-cave-bath\/\"},{\"@type\":\"ListItem\",\"position\":3,\"name\":\"The story of the cave\"}]},{\"@type\":\"WebSite\",\"@id\":\"https:\/\/demjencascade.hu\/#website\",\"url\":\"https:\/\/demjencascade.hu\/\",\"name\":\"Demj\u00e9n Cascade ****\",\"description\":\"Hotel Cascade Resort and Spa\",\"publisher\":{\"@id\":\"https:\/\/demjencascade.hu\/#organization\"},\"potentialAction\":[{\"@type\":\"SearchAction\",\"target\":{\"@type\":\"EntryPoint\",\"urlTemplate\":\"https:\/\/demjencascade.hu\/?s={search_term_string}\"},\"query-input\":{\"@type\":\"PropertyValueSpecification\",\"valueRequired\":true,\"valueName\":\"search_term_string\"}}],\"inLanguage\":\"en-US\"},{\"@type\":\"Organization\",\"@id\":\"https:\/\/demjencascade.hu\/#organization\",\"name\":\"Demj\u00e9n Cascade ****\",\"url\":\"https:\/\/demjencascade.hu\/\",\"logo\":{\"@type\":\"ImageObject\",\"inLanguage\":\"en-US\",\"@id\":\"https:\/\/demjencascade.hu\/#\/schema\/logo\/image\/\",\"url\":\"https:\/\/demjencascade.hu\/wp-content\/uploads\/2024\/12\/cascade_logo.png\",\"contentUrl\":\"https:\/\/demjencascade.hu\/wp-content\/uploads\/2024\/12\/cascade_logo.png\",\"width\":1064,\"height\":1064,\"caption\":\"Demj\u00e9n Cascade ****\"},\"image\":{\"@id\":\"https:\/\/demjencascade.hu\/#\/schema\/logo\/image\/\"},\"sameAs\":[\"https:\/\/www.facebook.com\/p\/Demjn-Cascade-Resort-Barlangfrd-s-SPA-100080947593048\",\"https:\/\/www.youtube.com\/channel\/UCJyU9meiGgpwCI0126C8ogQ\",\"https:\/\/www.instagram.com\/hotel_cascade\/\"]}]}<\/script>\n<!-- \/ Yoast SEO plugin. -->","yoast_head_json":{"title":"The story of the cave - Demj\u00e9n Cascade ****","robots":{"index":"index","follow":"follow","max-snippet":"max-snippet:-1","max-image-preview":"max-image-preview:large","max-video-preview":"max-video-preview:-1"},"canonical":"https:\/\/demjencascade.hu\/en\/cascade-cave-bath\/the-story-of-the-cave\/","og_locale":"en_US","og_type":"article","og_title":"The story of the cave - Demj\u00e9n Cascade ****","og_description":"The treasure of demj\u00e9n: the mystery of the veil-cave Long time ago, in a different time, when people were not alone on Earth. Skurring fairies, log-high knights, fire-breathing dragons and dark-minded magicians roamed the dense forests. Once, woods so dense were hiding these hills and valleys that those who didn\u2019t necessarily had to come right [&hellip;]","og_url":"https:\/\/demjencascade.hu\/en\/cascade-cave-bath\/the-story-of-the-cave\/","og_site_name":"Demj\u00e9n Cascade ****","article_publisher":"https:\/\/www.facebook.com\/p\/Demjn-Cascade-Resort-Barlangfrd-s-SPA-100080947593048","article_modified_time":"2017-04-17T23:56:23+00:00","og_image":[{"width":1920,"height":1080,"url":"https:\/\/demjencascade.hu\/wp-content\/uploads\/2016\/07\/02_07.jpg","type":"image\/jpeg"}],"twitter_card":"summary_large_image","twitter_misc":{"Est. reading time":"2 minutes"},"schema":{"@context":"https:\/\/schema.org","@graph":[{"@type":"WebPage","@id":"https:\/\/demjencascade.hu\/en\/cascade-cave-bath\/the-story-of-the-cave\/","url":"https:\/\/demjencascade.hu\/en\/cascade-cave-bath\/the-story-of-the-cave\/","name":"The story of the cave - Demj\u00e9n Cascade ****","isPartOf":{"@id":"https:\/\/demjencascade.hu\/#website"},"primaryImageOfPage":{"@id":"https:\/\/demjencascade.hu\/en\/cascade-cave-bath\/the-story-of-the-cave\/#primaryimage"},"image":{"@id":"https:\/\/demjencascade.hu\/en\/cascade-cave-bath\/the-story-of-the-cave\/#primaryimage"},"thumbnailUrl":"https:\/\/demjencascade.hu\/wp-content\/uploads\/2016\/07\/02_07.jpg","datePublished":"2016-07-14T14:58:51+00:00","dateModified":"2017-04-17T23:56:23+00:00","breadcrumb":{"@id":"https:\/\/demjencascade.hu\/en\/cascade-cave-bath\/the-story-of-the-cave\/#breadcrumb"},"inLanguage":"en-US","potentialAction":[{"@type":"ReadAction","target":["https:\/\/demjencascade.hu\/en\/cascade-cave-bath\/the-story-of-the-cave\/"]}]},{"@type":"ImageObject","inLanguage":"en-US","@id":"https:\/\/demjencascade.hu\/en\/cascade-cave-bath\/the-story-of-the-cave\/#primaryimage","url":"https:\/\/demjencascade.hu\/wp-content\/uploads\/2016\/07\/02_07.jpg","contentUrl":"https:\/\/demjencascade.hu\/wp-content\/uploads\/2016\/07\/02_07.jpg","width":1920,"height":1080},{"@type":"BreadcrumbList","@id":"https:\/\/demjencascade.hu\/en\/cascade-cave-bath\/the-story-of-the-cave\/#breadcrumb","itemListElement":[{"@type":"ListItem","position":1,"name":"Kezd\u0151lap","item":"https:\/\/demjencascade.hu\/en\/"},{"@type":"ListItem","position":2,"name":"Cave Bath","item":"https:\/\/demjencascade.hu\/en\/cascade-cave-bath\/"},{"@type":"ListItem","position":3,"name":"The story of the cave"}]},{"@type":"WebSite","@id":"https:\/\/demjencascade.hu\/#website","url":"https:\/\/demjencascade.hu\/","name":"Demj\u00e9n Cascade ****","description":"Hotel Cascade Resort and Spa","publisher":{"@id":"https:\/\/demjencascade.hu\/#organization"},"potentialAction":[{"@type":"SearchAction","target":{"@type":"EntryPoint","urlTemplate":"https:\/\/demjencascade.hu\/?s={search_term_string}"},"query-input":{"@type":"PropertyValueSpecification","valueRequired":true,"valueName":"search_term_string"}}],"inLanguage":"en-US"},{"@type":"Organization","@id":"https:\/\/demjencascade.hu\/#organization","name":"Demj\u00e9n Cascade ****","url":"https:\/\/demjencascade.hu\/","logo":{"@type":"ImageObject","inLanguage":"en-US","@id":"https:\/\/demjencascade.hu\/#\/schema\/logo\/image\/","url":"https:\/\/demjencascade.hu\/wp-content\/uploads\/2024\/12\/cascade_logo.png","contentUrl":"https:\/\/demjencascade.hu\/wp-content\/uploads\/2024\/12\/cascade_logo.png","width":1064,"height":1064,"caption":"Demj\u00e9n Cascade ****"},"image":{"@id":"https:\/\/demjencascade.hu\/#\/schema\/logo\/image\/"},"sameAs":["https:\/\/www.facebook.com\/p\/Demjn-Cascade-Resort-Barlangfrd-s-SPA-100080947593048","https:\/\/www.youtube.com\/channel\/UCJyU9meiGgpwCI0126C8ogQ","https:\/\/www.instagram.com\/hotel_cascade\/"]}]}},"_links":{"self":[{"href":"https:\/\/demjencascade.hu\/en\/wp-json\/wp\/v2\/pages\/1351"}],"collection":[{"href":"https:\/\/demjencascade.hu\/en\/wp-json\/wp\/v2\/pages"}],"about":[{"href":"https:\/\/demjencascade.hu\/en\/wp-json\/wp\/v2\/types\/page"}],"author":[{"embeddable":true,"href":"https:\/\/demjencascade.hu\/en\/wp-json\/wp\/v2\/users\/1"}],"replies":[{"embeddable":true,"href":"https:\/\/demjencascade.hu\/en\/wp-json\/wp\/v2\/comments?post=1351"}],"version-history":[{"count":2,"href":"https:\/\/demjencascade.hu\/en\/wp-json\/wp\/v2\/pages\/1351\/revisions"}],"predecessor-version":[{"id":1354,"href":"https:\/\/demjencascade.hu\/en\/wp-json\/wp\/v2\/pages\/1351\/revisions\/1354"}],"up":[{"embeddable":true,"href":"https:\/\/demjencascade.hu\/en\/wp-json\/wp\/v2\/pages\/1253"}],"wp:featuredmedia":[{"embeddable":true,"href":"https:\/\/demjencascade.hu\/en\/wp-json\/wp\/v2\/media\/1007"}],"wp:attachment":[{"href":"https:\/\/demjencascade.hu\/en\/wp-json\/wp\/v2\/media?parent=1351"}],"curies":[{"name":"wp","href":"https:\/\/api.w.org\/{rel}","templated":true}]}}