{"id":1359,"date":"2016-07-12T04:17:08","date_gmt":"2016-07-12T02:17:08","guid":{"rendered":"https:\/\/demjencascade.hu\/en\/cascade-barlang-es-elmenyfurdo\/allomasok\/tunderbarlang-elmenymedence\/"},"modified":"2017-04-17T21:46:55","modified_gmt":"2017-04-17T19:46:55","slug":"tunderbarlang-elmenymedence","status":"publish","type":"page","link":"https:\/\/demjencascade.hu\/en\/hotel-cascade-resort-and-spa\/nyitolap\/cascade-cave-bath\/stations\/tunderbarlang-elmenymedence\/","title":{"rendered":"The Fairy Cave pleasure pool"},"content":{"rendered":"<p>Illang\u00f3, the fleet-footed fairy once inhabited this long and rambling part of the cave.<\/p>\n<p>The wizard M\u00e1kony imprisoned her here so that her light never reaches the upper world again \u2014 but he got defeated.<\/p>\n<p>For a seemingly never ending period of time, the fairy light and healing powers have thoroughly permeated the clods and rocks here, so when the source emerges from the deep where Knight Demj\u00e9n\u2019s broadsword had hit the ground, it comes charged with the noblest and strongest fairy magic possible. Those who come this way can admire Illang\u00f3 and her twin sister Villang\u00f3 and discover the fairies\u2019 trousseau chests.<\/p>\n<p>&nbsp;<\/p>\n<p><em>The magic water\u2019s temperature is\u00a0 35-36\u00b0C<br \/>\nSpecialty items \u2014 such as bubble bath beds \u2014 enhance experiencing the fairy-magic.<\/em><\/p>\n<div id=\"gallery-dba7f7f6\" class=\"gallery gallery-slideshow \">\n<div class=\"gallery-inner\" data-gallery-count=\"5\" data-current=\"0\">\n<div class=\"gallery-inner-block\">\n<div class=\"gallery-item\">\n<div class=\"gallery-icon landscape\">\n<a href=\"https:\/\/demjencascade.hu\/wp-content\/uploads\/2016\/07\/7demjen3.jpg\" data-rel=\"lightbox-image-bGlnaHRib3gtZ2FsbGVyeS1kYmE3ZjdmNg==\" data-rl_title=\"\" data-rl_caption=\"\" title=\"\">\n<img loading=\"lazy\" decoding=\"async\" class=\"attachment-thumbnail size-thumbnail\" src=\"https:\/\/demjencascade.hu\/wp-content\/uploads\/2016\/07\/7demjen3-320x180.jpg\" width=\"320\" height=\"180\" alt=\"Cascade Hotel ****\" \/>\n<\/a>\n<\/div>\n<\/div>\n<div class=\"gallery-item\">\n<div class=\"gallery-icon landscape\">\n<a href=\"https:\/\/demjencascade.hu\/wp-content\/uploads\/2016\/07\/csill\u00e1r-e1475139105905.jpg\" data-rel=\"lightbox-image-bGlnaHRib3gtZ2FsbGVyeS1kYmE3ZjdmNg==\" data-rl_title=\"\" data-rl_caption=\"\" title=\"\">\n<img loading=\"lazy\" decoding=\"async\" class=\"attachment-thumbnail size-thumbnail\" src=\"https:\/\/demjencascade.hu\/wp-content\/uploads\/2016\/07\/csill\u00e1r-e1475139105905-320x180.jpg\" width=\"320\" height=\"180\" alt=\"Cascade Hotel ****\" \/>\n<\/a>\n<\/div>\n<\/div>\n<div class=\"gallery-item\">\n<div class=\"gallery-icon landscape\">\n<a href=\"https:\/\/demjencascade.hu\/wp-content\/uploads\/2016\/07\/t\u00fcnd\u00e9rhez-1920x1280.jpg\" data-rel=\"lightbox-image-bGlnaHRib3gtZ2FsbGVyeS1kYmE3ZjdmNg==\" data-rl_title=\"\" data-rl_caption=\"\" title=\"\">\n<img loading=\"lazy\" decoding=\"async\" class=\"attachment-thumbnail size-thumbnail\" src=\"https:\/\/demjencascade.hu\/wp-content\/uploads\/2016\/07\/t\u00fcnd\u00e9rhez-320x180.jpg\" width=\"320\" height=\"180\" alt=\"Cascade Hotel ****\" \/>\n<\/a>\n<\/div>\n<\/div>\n<div class=\"gallery-item\">\n<div class=\"gallery-icon landscape\">\n<a href=\"https:\/\/demjencascade.hu\/wp-content\/uploads\/2016\/07\/dsc_0580.jpg\" data-rel=\"lightbox-image-bGlnaHRib3gtZ2FsbGVyeS1kYmE3ZjdmNg==\" data-rl_title=\"\" data-rl_caption=\"\" title=\"\">\n<img loading=\"lazy\" decoding=\"async\" class=\"attachment-thumbnail size-thumbnail\" src=\"https:\/\/demjencascade.hu\/wp-content\/uploads\/2016\/07\/dsc_0580-320x180.jpg\" width=\"320\" height=\"180\" alt=\"Cascade Hotel ****\" \/>\n<\/a>\n<\/div>\n<\/div>\n<div class=\"gallery-item\">\n<div class=\"gallery-icon landscape\">\n<a href=\"https:\/\/demjencascade.hu\/wp-content\/uploads\/2016\/07\/t\u00fcnd\u00e9rlangm\u00e9g.jpg\" data-rel=\"lightbox-image-bGlnaHRib3gtZ2FsbGVyeS1kYmE3ZjdmNg==\" data-rl_title=\"\" data-rl_caption=\"\" title=\"\">\n<img loading=\"lazy\" decoding=\"async\" class=\"attachment-thumbnail size-thumbnail\" src=\"https:\/\/demjencascade.hu\/wp-content\/uploads\/2016\/07\/t\u00fcnd\u00e9rlangm\u00e9g-320x180.jpg\" width=\"320\" height=\"180\" alt=\"Cascade Hotel ****\" \/>\n<\/a>\n<\/div>\n<\/div>\n<\/div>\n<\/div>\n<div class=\"gallery-controls\">\n<div class=\"gallery-control gallery-control-prev disabled\" data-control-id=dba7f7f6>\n<span class=\"glyphicon glyphicon-chevron-left\"><\/span>\n<\/div>\n<div class=\"gallery-control gallery-control-next\" data-control-id=dba7f7f6>\n<span class=\"glyphicon glyphicon-chevron-right\"><\/span>\n<\/div>\n<\/div>\n<\/div>\n<br style=\"clear: both\">\n","protected":false},"excerpt":{"rendered":"<p>Illang\u00f3, the fleet-footed fairy once inhabited this long and rambling part of the cave. The wizard M\u00e1kony imprisoned her here so that her light never reaches the upper world again \u2014 but he got defeated. For a seemingly never ending period of time, the fairy light and healing powers have thoroughly permeated the clods and [&hellip;]<\/p>\n","protected":false},"author":1,"featured_media":672,"parent":1355,"menu_order":4,"comment_status":"closed","ping_status":"closed","template":"","meta":{"footnotes":""},"class_list":["post-1359","page","type-page","status-publish","has-post-thumbnail","hentry"],"yoast_head":"<!-- This site is optimized with the Yoast SEO plugin v24.2 - https:\/\/yoast.com\/wordpress\/plugins\/seo\/ -->\n<title>The Fairy Cave pleasure pool - Demj\u00e9n Cascade ****<\/title>\n<meta name=\"robots\" content=\"index, follow, max-snippet:-1, max-image-preview:large, max-video-preview:-1\" \/>\n<link rel=\"canonical\" href=\"https:\/\/demjencascade.hu\/en\/cascade-cave-bath\/stations\/tunderbarlang-elmenymedence\/\" \/>\n<meta property=\"og:locale\" content=\"en_US\" \/>\n<meta property=\"og:type\" content=\"article\" \/>\n<meta property=\"og:title\" content=\"The Fairy Cave pleasure pool - Demj\u00e9n Cascade ****\" \/>\n<meta property=\"og:description\" content=\"Illang\u00f3, the fleet-footed fairy once inhabited this long and rambling part of the cave. The wizard M\u00e1kony imprisoned her here so that her light never reaches the upper world again \u2014 but he got defeated. For a seemingly never ending period of time, the fairy light and healing powers have thoroughly permeated the clods and [&hellip;]\" \/>\n<meta property=\"og:url\" content=\"https:\/\/demjencascade.hu\/en\/cascade-cave-bath\/stations\/tunderbarlang-elmenymedence\/\" \/>\n<meta property=\"og:site_name\" content=\"Demj\u00e9n Cascade ****\" \/>\n<meta property=\"article:publisher\" content=\"https:\/\/www.facebook.com\/p\/Demjn-Cascade-Resort-Barlangfrd-s-SPA-100080947593048\" \/>\n<meta property=\"article:modified_time\" content=\"2017-04-17T19:46:55+00:00\" \/>\n<meta property=\"og:image\" content=\"https:\/\/demjencascade.hu\/wp-content\/uploads\/2016\/07\/t\u00fcnd\u00e9rhez.jpg\" \/>\n\t<meta property=\"og:image:width\" content=\"2500\" \/>\n\t<meta property=\"og:image:height\" content=\"1667\" \/>\n\t<meta property=\"og:image:type\" content=\"image\/jpeg\" \/>\n<meta name=\"twitter:card\" content=\"summary_large_image\" \/>\n<meta name=\"twitter:label1\" content=\"Est. reading time\" \/>\n\t<meta name=\"twitter:data1\" content=\"1 minute\" \/>\n<script type=\"application\/ld+json\" class=\"yoast-schema-graph\">{\"@context\":\"https:\/\/schema.org\",\"@graph\":[{\"@type\":\"WebPage\",\"@id\":\"https:\/\/demjencascade.hu\/en\/cascade-cave-bath\/stations\/tunderbarlang-elmenymedence\/\",\"url\":\"https:\/\/demjencascade.hu\/en\/cascade-cave-bath\/stations\/tunderbarlang-elmenymedence\/\",\"name\":\"The Fairy Cave pleasure pool - Demj\u00e9n Cascade ****\",\"isPartOf\":{\"@id\":\"https:\/\/demjencascade.hu\/#website\"},\"primaryImageOfPage\":{\"@id\":\"https:\/\/demjencascade.hu\/en\/cascade-cave-bath\/stations\/tunderbarlang-elmenymedence\/#primaryimage\"},\"image\":{\"@id\":\"https:\/\/demjencascade.hu\/en\/cascade-cave-bath\/stations\/tunderbarlang-elmenymedence\/#primaryimage\"},\"thumbnailUrl\":\"https:\/\/demjencascade.hu\/wp-content\/uploads\/2016\/07\/t\u00fcnd\u00e9rhez.jpg\",\"datePublished\":\"2016-07-12T02:17:08+00:00\",\"dateModified\":\"2017-04-17T19:46:55+00:00\",\"breadcrumb\":{\"@id\":\"https:\/\/demjencascade.hu\/en\/cascade-cave-bath\/stations\/tunderbarlang-elmenymedence\/#breadcrumb\"},\"inLanguage\":\"en-US\",\"potentialAction\":[{\"@type\":\"ReadAction\",\"target\":[\"https:\/\/demjencascade.hu\/en\/cascade-cave-bath\/stations\/tunderbarlang-elmenymedence\/\"]}]},{\"@type\":\"ImageObject\",\"inLanguage\":\"en-US\",\"@id\":\"https:\/\/demjencascade.hu\/en\/cascade-cave-bath\/stations\/tunderbarlang-elmenymedence\/#primaryimage\",\"url\":\"https:\/\/demjencascade.hu\/wp-content\/uploads\/2016\/07\/t\u00fcnd\u00e9rhez.jpg\",\"contentUrl\":\"https:\/\/demjencascade.hu\/wp-content\/uploads\/2016\/07\/t\u00fcnd\u00e9rhez.jpg\",\"width\":2500,\"height\":1667},{\"@type\":\"BreadcrumbList\",\"@id\":\"https:\/\/demjencascade.hu\/en\/cascade-cave-bath\/stations\/tunderbarlang-elmenymedence\/#breadcrumb\",\"itemListElement\":[{\"@type\":\"ListItem\",\"position\":1,\"name\":\"Kezd\u0151lap\",\"item\":\"https:\/\/demjencascade.hu\/en\/\"},{\"@type\":\"ListItem\",\"position\":2,\"name\":\"Cave Bath\",\"item\":\"https:\/\/demjencascade.hu\/en\/cascade-cave-bath\/\"},{\"@type\":\"ListItem\",\"position\":3,\"name\":\"Stations\",\"item\":\"https:\/\/demjencascade.hu\/en\/cascade-cave-bath\/stations\/\"},{\"@type\":\"ListItem\",\"position\":4,\"name\":\"The Fairy Cave pleasure pool\"}]},{\"@type\":\"WebSite\",\"@id\":\"https:\/\/demjencascade.hu\/#website\",\"url\":\"https:\/\/demjencascade.hu\/\",\"name\":\"Demj\u00e9n Cascade ****\",\"description\":\"Hotel Cascade Resort and Spa\",\"publisher\":{\"@id\":\"https:\/\/demjencascade.hu\/#organization\"},\"potentialAction\":[{\"@type\":\"SearchAction\",\"target\":{\"@type\":\"EntryPoint\",\"urlTemplate\":\"https:\/\/demjencascade.hu\/?s={search_term_string}\"},\"query-input\":{\"@type\":\"PropertyValueSpecification\",\"valueRequired\":true,\"valueName\":\"search_term_string\"}}],\"inLanguage\":\"en-US\"},{\"@type\":\"Organization\",\"@id\":\"https:\/\/demjencascade.hu\/#organization\",\"name\":\"Demj\u00e9n Cascade ****\",\"url\":\"https:\/\/demjencascade.hu\/\",\"logo\":{\"@type\":\"ImageObject\",\"inLanguage\":\"en-US\",\"@id\":\"https:\/\/demjencascade.hu\/#\/schema\/logo\/image\/\",\"url\":\"https:\/\/demjencascade.hu\/wp-content\/uploads\/2024\/12\/cascade_logo.png\",\"contentUrl\":\"https:\/\/demjencascade.hu\/wp-content\/uploads\/2024\/12\/cascade_logo.png\",\"width\":1064,\"height\":1064,\"caption\":\"Demj\u00e9n Cascade ****\"},\"image\":{\"@id\":\"https:\/\/demjencascade.hu\/#\/schema\/logo\/image\/\"},\"sameAs\":[\"https:\/\/www.facebook.com\/p\/Demjn-Cascade-Resort-Barlangfrd-s-SPA-100080947593048\",\"https:\/\/www.youtube.com\/channel\/UCJyU9meiGgpwCI0126C8ogQ\",\"https:\/\/www.instagram.com\/hotel_cascade\/\"]}]}<\/script>\n<!-- \/ Yoast SEO plugin. -->","yoast_head_json":{"title":"The Fairy Cave pleasure pool - Demj\u00e9n Cascade ****","robots":{"index":"index","follow":"follow","max-snippet":"max-snippet:-1","max-image-preview":"max-image-preview:large","max-video-preview":"max-video-preview:-1"},"canonical":"https:\/\/demjencascade.hu\/en\/cascade-cave-bath\/stations\/tunderbarlang-elmenymedence\/","og_locale":"en_US","og_type":"article","og_title":"The Fairy Cave pleasure pool - Demj\u00e9n Cascade ****","og_description":"Illang\u00f3, the fleet-footed fairy once inhabited this long and rambling part of the cave. The wizard M\u00e1kony imprisoned her here so that her light never reaches the upper world again \u2014 but he got defeated. For a seemingly never ending period of time, the fairy light and healing powers have thoroughly permeated the clods and [&hellip;]","og_url":"https:\/\/demjencascade.hu\/en\/cascade-cave-bath\/stations\/tunderbarlang-elmenymedence\/","og_site_name":"Demj\u00e9n Cascade ****","article_publisher":"https:\/\/www.facebook.com\/p\/Demjn-Cascade-Resort-Barlangfrd-s-SPA-100080947593048","article_modified_time":"2017-04-17T19:46:55+00:00","og_image":[{"width":2500,"height":1667,"url":"https:\/\/demjencascade.hu\/wp-content\/uploads\/2016\/07\/t\u00fcnd\u00e9rhez.jpg","type":"image\/jpeg"}],"twitter_card":"summary_large_image","twitter_misc":{"Est. reading time":"1 minute"},"schema":{"@context":"https:\/\/schema.org","@graph":[{"@type":"WebPage","@id":"https:\/\/demjencascade.hu\/en\/cascade-cave-bath\/stations\/tunderbarlang-elmenymedence\/","url":"https:\/\/demjencascade.hu\/en\/cascade-cave-bath\/stations\/tunderbarlang-elmenymedence\/","name":"The Fairy Cave pleasure pool - Demj\u00e9n Cascade ****","isPartOf":{"@id":"https:\/\/demjencascade.hu\/#website"},"primaryImageOfPage":{"@id":"https:\/\/demjencascade.hu\/en\/cascade-cave-bath\/stations\/tunderbarlang-elmenymedence\/#primaryimage"},"image":{"@id":"https:\/\/demjencascade.hu\/en\/cascade-cave-bath\/stations\/tunderbarlang-elmenymedence\/#primaryimage"},"thumbnailUrl":"https:\/\/demjencascade.hu\/wp-content\/uploads\/2016\/07\/t\u00fcnd\u00e9rhez.jpg","datePublished":"2016-07-12T02:17:08+00:00","dateModified":"2017-04-17T19:46:55+00:00","breadcrumb":{"@id":"https:\/\/demjencascade.hu\/en\/cascade-cave-bath\/stations\/tunderbarlang-elmenymedence\/#breadcrumb"},"inLanguage":"en-US","potentialAction":[{"@type":"ReadAction","target":["https:\/\/demjencascade.hu\/en\/cascade-cave-bath\/stations\/tunderbarlang-elmenymedence\/"]}]},{"@type":"ImageObject","inLanguage":"en-US","@id":"https:\/\/demjencascade.hu\/en\/cascade-cave-bath\/stations\/tunderbarlang-elmenymedence\/#primaryimage","url":"https:\/\/demjencascade.hu\/wp-content\/uploads\/2016\/07\/t\u00fcnd\u00e9rhez.jpg","contentUrl":"https:\/\/demjencascade.hu\/wp-content\/uploads\/2016\/07\/t\u00fcnd\u00e9rhez.jpg","width":2500,"height":1667},{"@type":"BreadcrumbList","@id":"https:\/\/demjencascade.hu\/en\/cascade-cave-bath\/stations\/tunderbarlang-elmenymedence\/#breadcrumb","itemListElement":[{"@type":"ListItem","position":1,"name":"Kezd\u0151lap","item":"https:\/\/demjencascade.hu\/en\/"},{"@type":"ListItem","position":2,"name":"Cave Bath","item":"https:\/\/demjencascade.hu\/en\/cascade-cave-bath\/"},{"@type":"ListItem","position":3,"name":"Stations","item":"https:\/\/demjencascade.hu\/en\/cascade-cave-bath\/stations\/"},{"@type":"ListItem","position":4,"name":"The Fairy Cave pleasure pool"}]},{"@type":"WebSite","@id":"https:\/\/demjencascade.hu\/#website","url":"https:\/\/demjencascade.hu\/","name":"Demj\u00e9n Cascade ****","description":"Hotel Cascade Resort and Spa","publisher":{"@id":"https:\/\/demjencascade.hu\/#organization"},"potentialAction":[{"@type":"SearchAction","target":{"@type":"EntryPoint","urlTemplate":"https:\/\/demjencascade.hu\/?s={search_term_string}"},"query-input":{"@type":"PropertyValueSpecification","valueRequired":true,"valueName":"search_term_string"}}],"inLanguage":"en-US"},{"@type":"Organization","@id":"https:\/\/demjencascade.hu\/#organization","name":"Demj\u00e9n Cascade ****","url":"https:\/\/demjencascade.hu\/","logo":{"@type":"ImageObject","inLanguage":"en-US","@id":"https:\/\/demjencascade.hu\/#\/schema\/logo\/image\/","url":"https:\/\/demjencascade.hu\/wp-content\/uploads\/2024\/12\/cascade_logo.png","contentUrl":"https:\/\/demjencascade.hu\/wp-content\/uploads\/2024\/12\/cascade_logo.png","width":1064,"height":1064,"caption":"Demj\u00e9n Cascade ****"},"image":{"@id":"https:\/\/demjencascade.hu\/#\/schema\/logo\/image\/"},"sameAs":["https:\/\/www.facebook.com\/p\/Demjn-Cascade-Resort-Barlangfrd-s-SPA-100080947593048","https:\/\/www.youtube.com\/channel\/UCJyU9meiGgpwCI0126C8ogQ","https:\/\/www.instagram.com\/hotel_cascade\/"]}]}},"_links":{"self":[{"href":"https:\/\/demjencascade.hu\/en\/wp-json\/wp\/v2\/pages\/1359"}],"collection":[{"href":"https:\/\/demjencascade.hu\/en\/wp-json\/wp\/v2\/pages"}],"about":[{"href":"https:\/\/demjencascade.hu\/en\/wp-json\/wp\/v2\/types\/page"}],"author":[{"embeddable":true,"href":"https:\/\/demjencascade.hu\/en\/wp-json\/wp\/v2\/users\/1"}],"replies":[{"embeddable":true,"href":"https:\/\/demjencascade.hu\/en\/wp-json\/wp\/v2\/comments?post=1359"}],"version-history":[{"count":1,"href":"https:\/\/demjencascade.hu\/en\/wp-json\/wp\/v2\/pages\/1359\/revisions"}],"predecessor-version":[{"id":1373,"href":"https:\/\/demjencascade.hu\/en\/wp-json\/wp\/v2\/pages\/1359\/revisions\/1373"}],"up":[{"embeddable":true,"href":"https:\/\/demjencascade.hu\/en\/wp-json\/wp\/v2\/pages\/1355"}],"wp:featuredmedia":[{"embeddable":true,"href":"https:\/\/demjencascade.hu\/en\/wp-json\/wp\/v2\/media\/672"}],"wp:attachment":[{"href":"https:\/\/demjencascade.hu\/en\/wp-json\/wp\/v2\/media?parent=1359"}],"curies":[{"name":"wp","href":"https:\/\/api.w.org\/{rel}","templated":true}]}}