{"id":1362,"date":"2016-07-12T04:15:08","date_gmt":"2016-07-12T02:15:08","guid":{"rendered":"https:\/\/demjencascade.hu\/en\/cascade-barlang-es-elmenyfurdo\/allomasok\/termal-obol\/"},"modified":"2017-04-17T21:44:40","modified_gmt":"2017-04-17T19:44:40","slug":"termal-obol","status":"publish","type":"page","link":"https:\/\/demjencascade.hu\/en\/hotel-cascade-resort-and-spa\/nyitolap\/cascade-cave-bath\/stations\/termal-obol\/","title":{"rendered":"Termal Bay"},"content":{"rendered":"<p>Out of the chasm left by Knight Demj\u00e9n\u2019s broadsword \u2014 during the legendary battle against the wizard M\u00e1kony and his dark legion \u2014 comes a source of healing water, carrying all the good magic and fills up the Thermal Bay.<\/p>\n<p>The Cascade Cave\u2019s treasure is this unique thermal water. According to the chronicles, whoever had a swim in this water forgot their hurts and griefs. The ugly embellished, the old rejuvenated, the sick healed and the unhappy found happiness here.<\/p>\n<p>The pampering water in the gulf of the Thermal Bay is freshly filled with thermal water from our inexhaustible well. As scientists stated self assured: \u201cThanks to its healing properties, the water is ideal to cure musculoskeletal disorders. Based on the examined components, the sodium-hydrogen-carbonate, fluoride and sulfur contents which include significant iron and silicic acid slows aging and improves blood circulation and movement ability.\u201d<\/p>\n<p>&nbsp;<\/p>\n<p><em>The temperature of Demj\u00e9n\u2019s magic healing water is 36-38\u00b0C<br \/>\nThe Thermal Bay experience is emphasized by a jet back-massage and completed light therapy<\/em><\/p>\n<div id=\"gallery-5c259670\" class=\"gallery gallery-slideshow \">\n<div class=\"gallery-inner\" data-gallery-count=\"4\" data-current=\"0\">\n<div class=\"gallery-inner-block\">\n<div class=\"gallery-item\">\n<div class=\"gallery-icon landscape\">\n<a href=\"https:\/\/demjencascade.hu\/wp-content\/uploads\/2016\/07\/term\u00e1\u00e9\u00e9f\u00fcrd\u0151.jpg\" data-rel=\"lightbox-image-bGlnaHRib3gtZ2FsbGVyeS01YzI1OTY3MA==\" data-rl_title=\"\" data-rl_caption=\"\" title=\"\">\n<img loading=\"lazy\" decoding=\"async\" class=\"attachment-thumbnail size-thumbnail\" src=\"https:\/\/demjencascade.hu\/wp-content\/uploads\/2016\/07\/term\u00e1\u00e9\u00e9f\u00fcrd\u0151-320x180.jpg\" width=\"320\" height=\"180\" alt=\"Cascade Hotel ****\" \/>\n<\/a>\n<\/div>\n<\/div>\n<div class=\"gallery-item\">\n<div class=\"gallery-icon landscape\">\n<a href=\"https:\/\/demjencascade.hu\/wp-content\/uploads\/2016\/07\/b1q7734_0-1-1920x1280.jpg\" data-rel=\"lightbox-image-bGlnaHRib3gtZ2FsbGVyeS01YzI1OTY3MA==\" data-rl_title=\"\" data-rl_caption=\"\" title=\"\">\n<img loading=\"lazy\" decoding=\"async\" class=\"attachment-thumbnail size-thumbnail\" src=\"https:\/\/demjencascade.hu\/wp-content\/uploads\/2016\/07\/b1q7734_0-1-320x180.jpg\" width=\"320\" height=\"180\" alt=\"Cascade Hotel ****\" \/>\n<\/a>\n<\/div>\n<\/div>\n<div class=\"gallery-item\">\n<div class=\"gallery-icon landscape\">\n<a href=\"https:\/\/demjencascade.hu\/wp-content\/uploads\/2016\/07\/DSC4715.jpg\" data-rel=\"lightbox-image-bGlnaHRib3gtZ2FsbGVyeS01YzI1OTY3MA==\" data-rl_title=\"\" data-rl_caption=\"\" title=\"\">\n<img loading=\"lazy\" decoding=\"async\" class=\"attachment-thumbnail size-thumbnail\" src=\"https:\/\/demjencascade.hu\/wp-content\/uploads\/2016\/07\/DSC4715-320x180.jpg\" width=\"320\" height=\"180\" alt=\"Cascade Hotel ****\" \/>\n<\/a>\n<\/div>\n<\/div>\n<div class=\"gallery-item\">\n<div class=\"gallery-icon landscape\">\n<a href=\"https:\/\/demjencascade.hu\/wp-content\/uploads\/2016\/07\/termal_obol.jpg\" data-rel=\"lightbox-image-bGlnaHRib3gtZ2FsbGVyeS01YzI1OTY3MA==\" data-rl_title=\"\" data-rl_caption=\"\" title=\"\">\n<img loading=\"lazy\" decoding=\"async\" class=\"attachment-thumbnail size-thumbnail\" src=\"https:\/\/demjencascade.hu\/wp-content\/uploads\/2016\/07\/termal_obol-320x180.jpg\" width=\"320\" height=\"180\" alt=\"Cascade Hotel ****\" \/>\n<\/a>\n<\/div>\n<\/div>\n<\/div>\n<\/div>\n<div class=\"gallery-controls\">\n<div class=\"gallery-control gallery-control-prev disabled\" data-control-id=5c259670>\n<span class=\"glyphicon glyphicon-chevron-left\"><\/span>\n<\/div>\n<div class=\"gallery-control gallery-control-next\" data-control-id=5c259670>\n<span class=\"glyphicon glyphicon-chevron-right\"><\/span>\n<\/div>\n<\/div>\n<\/div>\n<br style=\"clear: both\">\n","protected":false},"excerpt":{"rendered":"<p>Out of the chasm left by Knight Demj\u00e9n\u2019s broadsword \u2014 during the legendary battle against the wizard M\u00e1kony and his dark legion \u2014 comes a source of healing water, carrying all the good magic and fills up the Thermal Bay. The Cascade Cave\u2019s treasure is this unique thermal water. According to the chronicles, whoever had [&hellip;]<\/p>\n","protected":false},"author":1,"featured_media":250,"parent":1355,"menu_order":7,"comment_status":"closed","ping_status":"closed","template":"","meta":{"footnotes":""},"class_list":["post-1362","page","type-page","status-publish","has-post-thumbnail","hentry"],"yoast_head":"<!-- This site is optimized with the Yoast SEO plugin v24.2 - https:\/\/yoast.com\/wordpress\/plugins\/seo\/ -->\n<title>Termal Bay - Demj\u00e9n Cascade ****<\/title>\n<meta name=\"robots\" content=\"index, follow, max-snippet:-1, max-image-preview:large, max-video-preview:-1\" \/>\n<link rel=\"canonical\" href=\"https:\/\/demjencascade.hu\/en\/cascade-cave-bath\/stations\/termal-obol\/\" \/>\n<meta property=\"og:locale\" content=\"en_US\" \/>\n<meta property=\"og:type\" content=\"article\" \/>\n<meta property=\"og:title\" content=\"Termal Bay - Demj\u00e9n Cascade ****\" \/>\n<meta property=\"og:description\" content=\"Out of the chasm left by Knight Demj\u00e9n\u2019s broadsword \u2014 during the legendary battle against the wizard M\u00e1kony and his dark legion \u2014 comes a source of healing water, carrying all the good magic and fills up the Thermal Bay. The Cascade Cave\u2019s treasure is this unique thermal water. According to the chronicles, whoever had [&hellip;]\" \/>\n<meta property=\"og:url\" content=\"https:\/\/demjencascade.hu\/en\/cascade-cave-bath\/stations\/termal-obol\/\" \/>\n<meta property=\"og:site_name\" content=\"Demj\u00e9n Cascade ****\" \/>\n<meta property=\"article:publisher\" content=\"https:\/\/www.facebook.com\/p\/Demjn-Cascade-Resort-Barlangfrd-s-SPA-100080947593048\" \/>\n<meta property=\"article:modified_time\" content=\"2017-04-17T19:44:40+00:00\" \/>\n<meta property=\"og:image\" content=\"https:\/\/demjencascade.hu\/wp-content\/uploads\/2016\/07\/termal_obol.jpg\" \/>\n\t<meta property=\"og:image:width\" content=\"953\" \/>\n\t<meta property=\"og:image:height\" content=\"655\" \/>\n\t<meta property=\"og:image:type\" content=\"image\/jpeg\" \/>\n<meta name=\"twitter:card\" content=\"summary_large_image\" \/>\n<meta name=\"twitter:label1\" content=\"Est. reading time\" \/>\n\t<meta name=\"twitter:data1\" content=\"1 minute\" \/>\n<script type=\"application\/ld+json\" class=\"yoast-schema-graph\">{\"@context\":\"https:\/\/schema.org\",\"@graph\":[{\"@type\":\"WebPage\",\"@id\":\"https:\/\/demjencascade.hu\/en\/cascade-cave-bath\/stations\/termal-obol\/\",\"url\":\"https:\/\/demjencascade.hu\/en\/cascade-cave-bath\/stations\/termal-obol\/\",\"name\":\"Termal Bay - Demj\u00e9n Cascade ****\",\"isPartOf\":{\"@id\":\"https:\/\/demjencascade.hu\/#website\"},\"primaryImageOfPage\":{\"@id\":\"https:\/\/demjencascade.hu\/en\/cascade-cave-bath\/stations\/termal-obol\/#primaryimage\"},\"image\":{\"@id\":\"https:\/\/demjencascade.hu\/en\/cascade-cave-bath\/stations\/termal-obol\/#primaryimage\"},\"thumbnailUrl\":\"https:\/\/demjencascade.hu\/wp-content\/uploads\/2016\/07\/termal_obol.jpg\",\"datePublished\":\"2016-07-12T02:15:08+00:00\",\"dateModified\":\"2017-04-17T19:44:40+00:00\",\"breadcrumb\":{\"@id\":\"https:\/\/demjencascade.hu\/en\/cascade-cave-bath\/stations\/termal-obol\/#breadcrumb\"},\"inLanguage\":\"en-US\",\"potentialAction\":[{\"@type\":\"ReadAction\",\"target\":[\"https:\/\/demjencascade.hu\/en\/cascade-cave-bath\/stations\/termal-obol\/\"]}]},{\"@type\":\"ImageObject\",\"inLanguage\":\"en-US\",\"@id\":\"https:\/\/demjencascade.hu\/en\/cascade-cave-bath\/stations\/termal-obol\/#primaryimage\",\"url\":\"https:\/\/demjencascade.hu\/wp-content\/uploads\/2016\/07\/termal_obol.jpg\",\"contentUrl\":\"https:\/\/demjencascade.hu\/wp-content\/uploads\/2016\/07\/termal_obol.jpg\",\"width\":953,\"height\":655},{\"@type\":\"BreadcrumbList\",\"@id\":\"https:\/\/demjencascade.hu\/en\/cascade-cave-bath\/stations\/termal-obol\/#breadcrumb\",\"itemListElement\":[{\"@type\":\"ListItem\",\"position\":1,\"name\":\"Kezd\u0151lap\",\"item\":\"https:\/\/demjencascade.hu\/en\/\"},{\"@type\":\"ListItem\",\"position\":2,\"name\":\"Cave Bath\",\"item\":\"https:\/\/demjencascade.hu\/en\/cascade-cave-bath\/\"},{\"@type\":\"ListItem\",\"position\":3,\"name\":\"Stations\",\"item\":\"https:\/\/demjencascade.hu\/en\/cascade-cave-bath\/stations\/\"},{\"@type\":\"ListItem\",\"position\":4,\"name\":\"Termal Bay\"}]},{\"@type\":\"WebSite\",\"@id\":\"https:\/\/demjencascade.hu\/#website\",\"url\":\"https:\/\/demjencascade.hu\/\",\"name\":\"Demj\u00e9n Cascade ****\",\"description\":\"Hotel Cascade Resort and Spa\",\"publisher\":{\"@id\":\"https:\/\/demjencascade.hu\/#organization\"},\"potentialAction\":[{\"@type\":\"SearchAction\",\"target\":{\"@type\":\"EntryPoint\",\"urlTemplate\":\"https:\/\/demjencascade.hu\/?s={search_term_string}\"},\"query-input\":{\"@type\":\"PropertyValueSpecification\",\"valueRequired\":true,\"valueName\":\"search_term_string\"}}],\"inLanguage\":\"en-US\"},{\"@type\":\"Organization\",\"@id\":\"https:\/\/demjencascade.hu\/#organization\",\"name\":\"Demj\u00e9n Cascade ****\",\"url\":\"https:\/\/demjencascade.hu\/\",\"logo\":{\"@type\":\"ImageObject\",\"inLanguage\":\"en-US\",\"@id\":\"https:\/\/demjencascade.hu\/#\/schema\/logo\/image\/\",\"url\":\"https:\/\/demjencascade.hu\/wp-content\/uploads\/2024\/12\/cascade_logo.png\",\"contentUrl\":\"https:\/\/demjencascade.hu\/wp-content\/uploads\/2024\/12\/cascade_logo.png\",\"width\":1064,\"height\":1064,\"caption\":\"Demj\u00e9n Cascade ****\"},\"image\":{\"@id\":\"https:\/\/demjencascade.hu\/#\/schema\/logo\/image\/\"},\"sameAs\":[\"https:\/\/www.facebook.com\/p\/Demjn-Cascade-Resort-Barlangfrd-s-SPA-100080947593048\",\"https:\/\/www.youtube.com\/channel\/UCJyU9meiGgpwCI0126C8ogQ\",\"https:\/\/www.instagram.com\/hotel_cascade\/\"]}]}<\/script>\n<!-- \/ Yoast SEO plugin. -->","yoast_head_json":{"title":"Termal Bay - Demj\u00e9n Cascade ****","robots":{"index":"index","follow":"follow","max-snippet":"max-snippet:-1","max-image-preview":"max-image-preview:large","max-video-preview":"max-video-preview:-1"},"canonical":"https:\/\/demjencascade.hu\/en\/cascade-cave-bath\/stations\/termal-obol\/","og_locale":"en_US","og_type":"article","og_title":"Termal Bay - Demj\u00e9n Cascade ****","og_description":"Out of the chasm left by Knight Demj\u00e9n\u2019s broadsword \u2014 during the legendary battle against the wizard M\u00e1kony and his dark legion \u2014 comes a source of healing water, carrying all the good magic and fills up the Thermal Bay. The Cascade Cave\u2019s treasure is this unique thermal water. According to the chronicles, whoever had [&hellip;]","og_url":"https:\/\/demjencascade.hu\/en\/cascade-cave-bath\/stations\/termal-obol\/","og_site_name":"Demj\u00e9n Cascade ****","article_publisher":"https:\/\/www.facebook.com\/p\/Demjn-Cascade-Resort-Barlangfrd-s-SPA-100080947593048","article_modified_time":"2017-04-17T19:44:40+00:00","og_image":[{"width":953,"height":655,"url":"https:\/\/demjencascade.hu\/wp-content\/uploads\/2016\/07\/termal_obol.jpg","type":"image\/jpeg"}],"twitter_card":"summary_large_image","twitter_misc":{"Est. reading time":"1 minute"},"schema":{"@context":"https:\/\/schema.org","@graph":[{"@type":"WebPage","@id":"https:\/\/demjencascade.hu\/en\/cascade-cave-bath\/stations\/termal-obol\/","url":"https:\/\/demjencascade.hu\/en\/cascade-cave-bath\/stations\/termal-obol\/","name":"Termal Bay - Demj\u00e9n Cascade ****","isPartOf":{"@id":"https:\/\/demjencascade.hu\/#website"},"primaryImageOfPage":{"@id":"https:\/\/demjencascade.hu\/en\/cascade-cave-bath\/stations\/termal-obol\/#primaryimage"},"image":{"@id":"https:\/\/demjencascade.hu\/en\/cascade-cave-bath\/stations\/termal-obol\/#primaryimage"},"thumbnailUrl":"https:\/\/demjencascade.hu\/wp-content\/uploads\/2016\/07\/termal_obol.jpg","datePublished":"2016-07-12T02:15:08+00:00","dateModified":"2017-04-17T19:44:40+00:00","breadcrumb":{"@id":"https:\/\/demjencascade.hu\/en\/cascade-cave-bath\/stations\/termal-obol\/#breadcrumb"},"inLanguage":"en-US","potentialAction":[{"@type":"ReadAction","target":["https:\/\/demjencascade.hu\/en\/cascade-cave-bath\/stations\/termal-obol\/"]}]},{"@type":"ImageObject","inLanguage":"en-US","@id":"https:\/\/demjencascade.hu\/en\/cascade-cave-bath\/stations\/termal-obol\/#primaryimage","url":"https:\/\/demjencascade.hu\/wp-content\/uploads\/2016\/07\/termal_obol.jpg","contentUrl":"https:\/\/demjencascade.hu\/wp-content\/uploads\/2016\/07\/termal_obol.jpg","width":953,"height":655},{"@type":"BreadcrumbList","@id":"https:\/\/demjencascade.hu\/en\/cascade-cave-bath\/stations\/termal-obol\/#breadcrumb","itemListElement":[{"@type":"ListItem","position":1,"name":"Kezd\u0151lap","item":"https:\/\/demjencascade.hu\/en\/"},{"@type":"ListItem","position":2,"name":"Cave Bath","item":"https:\/\/demjencascade.hu\/en\/cascade-cave-bath\/"},{"@type":"ListItem","position":3,"name":"Stations","item":"https:\/\/demjencascade.hu\/en\/cascade-cave-bath\/stations\/"},{"@type":"ListItem","position":4,"name":"Termal Bay"}]},{"@type":"WebSite","@id":"https:\/\/demjencascade.hu\/#website","url":"https:\/\/demjencascade.hu\/","name":"Demj\u00e9n Cascade ****","description":"Hotel Cascade Resort and Spa","publisher":{"@id":"https:\/\/demjencascade.hu\/#organization"},"potentialAction":[{"@type":"SearchAction","target":{"@type":"EntryPoint","urlTemplate":"https:\/\/demjencascade.hu\/?s={search_term_string}"},"query-input":{"@type":"PropertyValueSpecification","valueRequired":true,"valueName":"search_term_string"}}],"inLanguage":"en-US"},{"@type":"Organization","@id":"https:\/\/demjencascade.hu\/#organization","name":"Demj\u00e9n Cascade ****","url":"https:\/\/demjencascade.hu\/","logo":{"@type":"ImageObject","inLanguage":"en-US","@id":"https:\/\/demjencascade.hu\/#\/schema\/logo\/image\/","url":"https:\/\/demjencascade.hu\/wp-content\/uploads\/2024\/12\/cascade_logo.png","contentUrl":"https:\/\/demjencascade.hu\/wp-content\/uploads\/2024\/12\/cascade_logo.png","width":1064,"height":1064,"caption":"Demj\u00e9n Cascade ****"},"image":{"@id":"https:\/\/demjencascade.hu\/#\/schema\/logo\/image\/"},"sameAs":["https:\/\/www.facebook.com\/p\/Demjn-Cascade-Resort-Barlangfrd-s-SPA-100080947593048","https:\/\/www.youtube.com\/channel\/UCJyU9meiGgpwCI0126C8ogQ","https:\/\/www.instagram.com\/hotel_cascade\/"]}]}},"_links":{"self":[{"href":"https:\/\/demjencascade.hu\/en\/wp-json\/wp\/v2\/pages\/1362"}],"collection":[{"href":"https:\/\/demjencascade.hu\/en\/wp-json\/wp\/v2\/pages"}],"about":[{"href":"https:\/\/demjencascade.hu\/en\/wp-json\/wp\/v2\/types\/page"}],"author":[{"embeddable":true,"href":"https:\/\/demjencascade.hu\/en\/wp-json\/wp\/v2\/users\/1"}],"replies":[{"embeddable":true,"href":"https:\/\/demjencascade.hu\/en\/wp-json\/wp\/v2\/comments?post=1362"}],"version-history":[{"count":1,"href":"https:\/\/demjencascade.hu\/en\/wp-json\/wp\/v2\/pages\/1362\/revisions"}],"predecessor-version":[{"id":1379,"href":"https:\/\/demjencascade.hu\/en\/wp-json\/wp\/v2\/pages\/1362\/revisions\/1379"}],"up":[{"embeddable":true,"href":"https:\/\/demjencascade.hu\/en\/wp-json\/wp\/v2\/pages\/1355"}],"wp:featuredmedia":[{"embeddable":true,"href":"https:\/\/demjencascade.hu\/en\/wp-json\/wp\/v2\/media\/250"}],"wp:attachment":[{"href":"https:\/\/demjencascade.hu\/en\/wp-json\/wp\/v2\/media?parent=1362"}],"curies":[{"name":"wp","href":"https:\/\/api.w.org\/{rel}","templated":true}]}}