{"id":1489,"date":"2016-07-12T03:10:08","date_gmt":"2016-07-12T01:10:08","guid":{"rendered":"https:\/\/demjencascade.hu\/en\/nyitolap\/kapcsolat-es-megkozelites\/"},"modified":"2017-04-18T01:59:12","modified_gmt":"2017-04-17T23:59:12","slug":"contact-and-directions","status":"publish","type":"page","link":"https:\/\/demjencascade.hu\/en\/hotel-cascade-resort-and-spa\/nyitolap\/contact-and-directions\/","title":{"rendered":"Contact and directions"},"content":{"rendered":"<p><strong>CASCADE experience complex<br \/>\n<\/strong><\/p>\n<p>3395 Demj\u00e9n HRSz 83\/30<\/p>\n<p><strong>Gps<\/strong>: N 470 49\u2019 42.66\u201d, E 200 19\u2019 55.32\u201d<br \/>\n<strong>Facebook<\/strong>: <a href=\"https:\/\/www.facebook.com\/Demj%C3%A9n-Cascade-Resort-Barlangf%C3%BCrd%C5%91-%C3%A9s-SPA-123334561031922\/\" target=\"_blank\">Demj\u00e9n Cascade Resort, Barlangf\u00fcrd\u0151 \u00e9s SPA<\/a><\/p>\n<h3>Route planning<\/h3>\n<div class=\"text directions-link-container\"><a href=\"https:\/\/www.google.com\/maps?saddr=&daddr=Hotel+Cascade,+Demj\u00e9n,+HRSZ+83%2F30,+3395+Magyarorsz\u00e1g\" target=\"_blank\">Directions<\/a><\/div>\n<p>The CASCADE experience complex is situated at the foot of the B\u00fckk mountain &#8211; 12 kms from Eger &#8211; in the outskirts of Demj\u00e9n, merely at 120m from the first house of the village. Guests see the crags of the \u2018Pointed Stone\u2019 (Hegyesk\u0151) first when arriving. You can also see \u2018beehive rocks\u2019 which, research suggests can be associated with the age of the great migrations, the mythological heritage of the \u00c1rp\u00e1d age and the religious beliefs of the ancient Hun-Avar Hungarian population. The Cascade hotel, SPA and cave bath are located just next to these and the former archbishop&#8217;s quarry.<\/p>\n<p>Around 128 km from Budapest, Demj\u00e9n can be reached through a less than a 1.5-hour drive on main road nr. 3 towards Kerecsend then heading for Demj\u00e9n or through the motorway M3 taking the exit at F\u00fczesabony, heading towards Kerecsend, then Demj\u00e9n.<\/p>\n<p>If coming by bus, one should get off in Eger, then take the scheduled local bus which takes a mere 20 minutes to arrive to the station in Pet\u0151fi street.<\/p>\n<p>&nbsp;<\/p>\n<p><img loading=\"lazy\" decoding=\"async\" class=\"aligncenter size-large wp-image-1237\" src=\"http:\/\/demjencascade.hu\/wp-content\/uploads\/2016\/07\/CAS_map201601_2016-11-20-1024x545.jpg\" alt=\"\" width=\"1024\" height=\"545\" srcset=\"https:\/\/demjencascade.hu\/wp-content\/uploads\/2016\/07\/CAS_map201601_2016-11-20-1024x545.jpg 1024w, https:\/\/demjencascade.hu\/wp-content\/uploads\/2016\/07\/CAS_map201601_2016-11-20-600x320.jpg 600w, https:\/\/demjencascade.hu\/wp-content\/uploads\/2016\/07\/CAS_map201601_2016-11-20-768x409.jpg 768w, https:\/\/demjencascade.hu\/wp-content\/uploads\/2016\/07\/CAS_map201601_2016-11-20.jpg 1840w\" sizes=\"(max-width: 1024px) 100vw, 1024px\" \/><\/p>\n","protected":false},"excerpt":{"rendered":"<p>CASCADE experience complex 3395 Demj\u00e9n HRSz 83\/30 Gps: N 470 49\u2019 42.66\u201d, E 200 19\u2019 55.32\u201d Facebook: Demj\u00e9n Cascade Resort, Barlangf\u00fcrd\u0151 \u00e9s SPA Route planning The CASCADE experience complex is situated at the foot of the B\u00fckk mountain &#8211; 12 kms from Eger &#8211; in the outskirts of Demj\u00e9n, merely at 120m from the first [&hellip;]<\/p>\n","protected":false},"author":1,"featured_media":1014,"parent":1323,"menu_order":0,"comment_status":"closed","ping_status":"closed","template":"page_contact.php","meta":{"footnotes":""},"class_list":["post-1489","page","type-page","status-publish","has-post-thumbnail","hentry"],"yoast_head":"<!-- This site is optimized with the Yoast SEO plugin v24.2 - https:\/\/yoast.com\/wordpress\/plugins\/seo\/ -->\n<title>Contact and directions - Demj\u00e9n Cascade ****<\/title>\n<meta name=\"robots\" content=\"index, follow, max-snippet:-1, max-image-preview:large, max-video-preview:-1\" \/>\n<link rel=\"canonical\" href=\"https:\/\/demjencascade.hu\/en\/hotel-cascade-resort-and-spa\/nyitolap\/contact-and-directions\/\" \/>\n<meta property=\"og:locale\" content=\"en_US\" \/>\n<meta property=\"og:type\" content=\"article\" \/>\n<meta property=\"og:title\" content=\"Contact and directions - Demj\u00e9n Cascade ****\" \/>\n<meta property=\"og:description\" content=\"CASCADE experience complex 3395 Demj\u00e9n HRSz 83\/30 Gps: N 470 49\u2019 42.66\u201d, E 200 19\u2019 55.32\u201d Facebook: Demj\u00e9n Cascade Resort, Barlangf\u00fcrd\u0151 \u00e9s SPA Route planning The CASCADE experience complex is situated at the foot of the B\u00fckk mountain &#8211; 12 kms from Eger &#8211; in the outskirts of Demj\u00e9n, merely at 120m from the first [&hellip;]\" \/>\n<meta property=\"og:url\" content=\"https:\/\/demjencascade.hu\/en\/hotel-cascade-resort-and-spa\/nyitolap\/contact-and-directions\/\" \/>\n<meta property=\"og:site_name\" content=\"Demj\u00e9n Cascade ****\" \/>\n<meta property=\"article:publisher\" content=\"https:\/\/www.facebook.com\/p\/Demjn-Cascade-Resort-Barlangfrd-s-SPA-100080947593048\" \/>\n<meta property=\"article:modified_time\" content=\"2017-04-17T23:59:12+00:00\" \/>\n<meta property=\"og:image\" content=\"https:\/\/demjencascade.hu\/wp-content\/uploads\/2016\/07\/05_jav.jpg\" \/>\n\t<meta property=\"og:image:width\" content=\"1920\" \/>\n\t<meta property=\"og:image:height\" content=\"1080\" \/>\n\t<meta property=\"og:image:type\" content=\"image\/jpeg\" \/>\n<meta name=\"twitter:card\" content=\"summary_large_image\" \/>\n<meta name=\"twitter:label1\" content=\"Est. reading time\" \/>\n\t<meta name=\"twitter:data1\" content=\"1 minute\" \/>\n<script type=\"application\/ld+json\" class=\"yoast-schema-graph\">{\"@context\":\"https:\/\/schema.org\",\"@graph\":[{\"@type\":\"WebPage\",\"@id\":\"https:\/\/demjencascade.hu\/en\/hotel-cascade-resort-and-spa\/nyitolap\/contact-and-directions\/\",\"url\":\"https:\/\/demjencascade.hu\/en\/hotel-cascade-resort-and-spa\/nyitolap\/contact-and-directions\/\",\"name\":\"Contact and directions - Demj\u00e9n Cascade ****\",\"isPartOf\":{\"@id\":\"https:\/\/demjencascade.hu\/#website\"},\"primaryImageOfPage\":{\"@id\":\"https:\/\/demjencascade.hu\/en\/hotel-cascade-resort-and-spa\/nyitolap\/contact-and-directions\/#primaryimage\"},\"image\":{\"@id\":\"https:\/\/demjencascade.hu\/en\/hotel-cascade-resort-and-spa\/nyitolap\/contact-and-directions\/#primaryimage\"},\"thumbnailUrl\":\"https:\/\/demjencascade.hu\/wp-content\/uploads\/2016\/07\/05_jav.jpg\",\"datePublished\":\"2016-07-12T01:10:08+00:00\",\"dateModified\":\"2017-04-17T23:59:12+00:00\",\"breadcrumb\":{\"@id\":\"https:\/\/demjencascade.hu\/en\/hotel-cascade-resort-and-spa\/nyitolap\/contact-and-directions\/#breadcrumb\"},\"inLanguage\":\"en-US\",\"potentialAction\":[{\"@type\":\"ReadAction\",\"target\":[\"https:\/\/demjencascade.hu\/en\/hotel-cascade-resort-and-spa\/nyitolap\/contact-and-directions\/\"]}]},{\"@type\":\"ImageObject\",\"inLanguage\":\"en-US\",\"@id\":\"https:\/\/demjencascade.hu\/en\/hotel-cascade-resort-and-spa\/nyitolap\/contact-and-directions\/#primaryimage\",\"url\":\"https:\/\/demjencascade.hu\/wp-content\/uploads\/2016\/07\/05_jav.jpg\",\"contentUrl\":\"https:\/\/demjencascade.hu\/wp-content\/uploads\/2016\/07\/05_jav.jpg\",\"width\":1920,\"height\":1080},{\"@type\":\"BreadcrumbList\",\"@id\":\"https:\/\/demjencascade.hu\/en\/hotel-cascade-resort-and-spa\/nyitolap\/contact-and-directions\/#breadcrumb\",\"itemListElement\":[{\"@type\":\"ListItem\",\"position\":1,\"name\":\"Kezd\u0151lap\",\"item\":\"https:\/\/demjencascade.hu\/en\/\"},{\"@type\":\"ListItem\",\"position\":2,\"name\":\"Hotel Cascade Resort\",\"item\":\"https:\/\/demjencascade.hu\/en\/hotel-cascade-resort-and-spa\/\"},{\"@type\":\"ListItem\",\"position\":3,\"name\":\"Home\",\"item\":\"https:\/\/demjencascade.hu\/en\/\"},{\"@type\":\"ListItem\",\"position\":4,\"name\":\"Contact and directions\"}]},{\"@type\":\"WebSite\",\"@id\":\"https:\/\/demjencascade.hu\/#website\",\"url\":\"https:\/\/demjencascade.hu\/\",\"name\":\"Demj\u00e9n Cascade ****\",\"description\":\"Hotel Cascade Resort and Spa\",\"publisher\":{\"@id\":\"https:\/\/demjencascade.hu\/#organization\"},\"potentialAction\":[{\"@type\":\"SearchAction\",\"target\":{\"@type\":\"EntryPoint\",\"urlTemplate\":\"https:\/\/demjencascade.hu\/?s={search_term_string}\"},\"query-input\":{\"@type\":\"PropertyValueSpecification\",\"valueRequired\":true,\"valueName\":\"search_term_string\"}}],\"inLanguage\":\"en-US\"},{\"@type\":\"Organization\",\"@id\":\"https:\/\/demjencascade.hu\/#organization\",\"name\":\"Demj\u00e9n Cascade ****\",\"url\":\"https:\/\/demjencascade.hu\/\",\"logo\":{\"@type\":\"ImageObject\",\"inLanguage\":\"en-US\",\"@id\":\"https:\/\/demjencascade.hu\/#\/schema\/logo\/image\/\",\"url\":\"https:\/\/demjencascade.hu\/wp-content\/uploads\/2024\/12\/cascade_logo.png\",\"contentUrl\":\"https:\/\/demjencascade.hu\/wp-content\/uploads\/2024\/12\/cascade_logo.png\",\"width\":1064,\"height\":1064,\"caption\":\"Demj\u00e9n Cascade ****\"},\"image\":{\"@id\":\"https:\/\/demjencascade.hu\/#\/schema\/logo\/image\/\"},\"sameAs\":[\"https:\/\/www.facebook.com\/p\/Demjn-Cascade-Resort-Barlangfrd-s-SPA-100080947593048\",\"https:\/\/www.youtube.com\/channel\/UCJyU9meiGgpwCI0126C8ogQ\",\"https:\/\/www.instagram.com\/hotel_cascade\/\"]}]}<\/script>\n<!-- \/ Yoast SEO plugin. -->","yoast_head_json":{"title":"Contact and directions - Demj\u00e9n Cascade ****","robots":{"index":"index","follow":"follow","max-snippet":"max-snippet:-1","max-image-preview":"max-image-preview:large","max-video-preview":"max-video-preview:-1"},"canonical":"https:\/\/demjencascade.hu\/en\/hotel-cascade-resort-and-spa\/nyitolap\/contact-and-directions\/","og_locale":"en_US","og_type":"article","og_title":"Contact and directions - Demj\u00e9n Cascade ****","og_description":"CASCADE experience complex 3395 Demj\u00e9n HRSz 83\/30 Gps: N 470 49\u2019 42.66\u201d, E 200 19\u2019 55.32\u201d Facebook: Demj\u00e9n Cascade Resort, Barlangf\u00fcrd\u0151 \u00e9s SPA Route planning The CASCADE experience complex is situated at the foot of the B\u00fckk mountain &#8211; 12 kms from Eger &#8211; in the outskirts of Demj\u00e9n, merely at 120m from the first [&hellip;]","og_url":"https:\/\/demjencascade.hu\/en\/hotel-cascade-resort-and-spa\/nyitolap\/contact-and-directions\/","og_site_name":"Demj\u00e9n Cascade ****","article_publisher":"https:\/\/www.facebook.com\/p\/Demjn-Cascade-Resort-Barlangfrd-s-SPA-100080947593048","article_modified_time":"2017-04-17T23:59:12+00:00","og_image":[{"width":1920,"height":1080,"url":"https:\/\/demjencascade.hu\/wp-content\/uploads\/2016\/07\/05_jav.jpg","type":"image\/jpeg"}],"twitter_card":"summary_large_image","twitter_misc":{"Est. reading time":"1 minute"},"schema":{"@context":"https:\/\/schema.org","@graph":[{"@type":"WebPage","@id":"https:\/\/demjencascade.hu\/en\/hotel-cascade-resort-and-spa\/nyitolap\/contact-and-directions\/","url":"https:\/\/demjencascade.hu\/en\/hotel-cascade-resort-and-spa\/nyitolap\/contact-and-directions\/","name":"Contact and directions - Demj\u00e9n Cascade ****","isPartOf":{"@id":"https:\/\/demjencascade.hu\/#website"},"primaryImageOfPage":{"@id":"https:\/\/demjencascade.hu\/en\/hotel-cascade-resort-and-spa\/nyitolap\/contact-and-directions\/#primaryimage"},"image":{"@id":"https:\/\/demjencascade.hu\/en\/hotel-cascade-resort-and-spa\/nyitolap\/contact-and-directions\/#primaryimage"},"thumbnailUrl":"https:\/\/demjencascade.hu\/wp-content\/uploads\/2016\/07\/05_jav.jpg","datePublished":"2016-07-12T01:10:08+00:00","dateModified":"2017-04-17T23:59:12+00:00","breadcrumb":{"@id":"https:\/\/demjencascade.hu\/en\/hotel-cascade-resort-and-spa\/nyitolap\/contact-and-directions\/#breadcrumb"},"inLanguage":"en-US","potentialAction":[{"@type":"ReadAction","target":["https:\/\/demjencascade.hu\/en\/hotel-cascade-resort-and-spa\/nyitolap\/contact-and-directions\/"]}]},{"@type":"ImageObject","inLanguage":"en-US","@id":"https:\/\/demjencascade.hu\/en\/hotel-cascade-resort-and-spa\/nyitolap\/contact-and-directions\/#primaryimage","url":"https:\/\/demjencascade.hu\/wp-content\/uploads\/2016\/07\/05_jav.jpg","contentUrl":"https:\/\/demjencascade.hu\/wp-content\/uploads\/2016\/07\/05_jav.jpg","width":1920,"height":1080},{"@type":"BreadcrumbList","@id":"https:\/\/demjencascade.hu\/en\/hotel-cascade-resort-and-spa\/nyitolap\/contact-and-directions\/#breadcrumb","itemListElement":[{"@type":"ListItem","position":1,"name":"Kezd\u0151lap","item":"https:\/\/demjencascade.hu\/en\/"},{"@type":"ListItem","position":2,"name":"Hotel Cascade Resort","item":"https:\/\/demjencascade.hu\/en\/hotel-cascade-resort-and-spa\/"},{"@type":"ListItem","position":3,"name":"Home","item":"https:\/\/demjencascade.hu\/en\/"},{"@type":"ListItem","position":4,"name":"Contact and directions"}]},{"@type":"WebSite","@id":"https:\/\/demjencascade.hu\/#website","url":"https:\/\/demjencascade.hu\/","name":"Demj\u00e9n Cascade ****","description":"Hotel Cascade Resort and Spa","publisher":{"@id":"https:\/\/demjencascade.hu\/#organization"},"potentialAction":[{"@type":"SearchAction","target":{"@type":"EntryPoint","urlTemplate":"https:\/\/demjencascade.hu\/?s={search_term_string}"},"query-input":{"@type":"PropertyValueSpecification","valueRequired":true,"valueName":"search_term_string"}}],"inLanguage":"en-US"},{"@type":"Organization","@id":"https:\/\/demjencascade.hu\/#organization","name":"Demj\u00e9n Cascade ****","url":"https:\/\/demjencascade.hu\/","logo":{"@type":"ImageObject","inLanguage":"en-US","@id":"https:\/\/demjencascade.hu\/#\/schema\/logo\/image\/","url":"https:\/\/demjencascade.hu\/wp-content\/uploads\/2024\/12\/cascade_logo.png","contentUrl":"https:\/\/demjencascade.hu\/wp-content\/uploads\/2024\/12\/cascade_logo.png","width":1064,"height":1064,"caption":"Demj\u00e9n Cascade ****"},"image":{"@id":"https:\/\/demjencascade.hu\/#\/schema\/logo\/image\/"},"sameAs":["https:\/\/www.facebook.com\/p\/Demjn-Cascade-Resort-Barlangfrd-s-SPA-100080947593048","https:\/\/www.youtube.com\/channel\/UCJyU9meiGgpwCI0126C8ogQ","https:\/\/www.instagram.com\/hotel_cascade\/"]}]}},"_links":{"self":[{"href":"https:\/\/demjencascade.hu\/en\/wp-json\/wp\/v2\/pages\/1489"}],"collection":[{"href":"https:\/\/demjencascade.hu\/en\/wp-json\/wp\/v2\/pages"}],"about":[{"href":"https:\/\/demjencascade.hu\/en\/wp-json\/wp\/v2\/types\/page"}],"author":[{"embeddable":true,"href":"https:\/\/demjencascade.hu\/en\/wp-json\/wp\/v2\/users\/1"}],"replies":[{"embeddable":true,"href":"https:\/\/demjencascade.hu\/en\/wp-json\/wp\/v2\/comments?post=1489"}],"version-history":[{"count":3,"href":"https:\/\/demjencascade.hu\/en\/wp-json\/wp\/v2\/pages\/1489\/revisions"}],"predecessor-version":[{"id":4906,"href":"https:\/\/demjencascade.hu\/en\/wp-json\/wp\/v2\/pages\/1489\/revisions\/4906"}],"up":[{"embeddable":true,"href":"https:\/\/demjencascade.hu\/en\/wp-json\/wp\/v2\/pages\/1323"}],"wp:featuredmedia":[{"embeddable":true,"href":"https:\/\/demjencascade.hu\/en\/wp-json\/wp\/v2\/media\/1014"}],"wp:attachment":[{"href":"https:\/\/demjencascade.hu\/en\/wp-json\/wp\/v2\/media?parent=1489"}],"curies":[{"name":"wp","href":"https:\/\/api.w.org\/{rel}","templated":true}]}}